{"id":17,"date":"2018-08-29T14:33:04","date_gmt":"2018-08-29T12:33:04","guid":{"rendered":"http:\/\/www.obergerweb.de\/?page_id=17"},"modified":"2020-05-29T12:34:54","modified_gmt":"2020-05-29T10:34:54","slug":"startseite","status":"publish","type":"page","link":"https:\/\/www.obergerweb.de\/","title":{"rendered":"Startseite"},"content":{"rendered":"<div class=\"col-md-5\">\n<h3>\u00dcber ObergerWeb.de<\/h3>\n<p>Das Unternehmen wurde im M\u00e4rz 2018 gegr\u00fcndet und erstellt, betreut und vermarktet seit dem Webseiten aller Art. Zus\u00e4tzlich sind wir im Bereich Onlinehandel &amp; E-Commerce t\u00e4tig und f\u00fchren hier einen eigenen Onlineshop, bei dem Elektroger\u00e4te und viele weitere Artikel angeboten werden.<\/p>\n<\/div>\n<div class=\"col-md-6 col-md-offset-1\" style=\"margin-top: 70px\"><img decoding=\"async\" class=\"size-medium alignright\" src=\"https:\/\/www.obergerweb.de\/wp-content\/themes\/hestia\/assets\/img\/about-content.png\" \/><\/div>\n","protected":false},"excerpt":{"rendered":"<p>\u00dcber ObergerWeb.de Das Unternehmen wurde im M\u00e4rz 2018 gegr\u00fcndet und erstellt, betreut und vermarktet seit dem Webseiten aller Art. Zus\u00e4tzlich sind wir im Bereich Onlinehandel &amp; E-Commerce t\u00e4tig und f\u00fchren hier einen eigenen Onlineshop, bei dem Elektroger\u00e4te und viele weitere Artikel angeboten werden.<\/p>\n","protected":false},"author":1,"featured_media":0,"parent":0,"menu_order":0,"comment_status":"closed","ping_status":"closed","template":"","meta":{"footnotes":""},"class_list":["post-17","page","type-page","status-publish","hentry"],"aioseo_notices":[],"_links":{"self":[{"href":"https:\/\/www.obergerweb.de\/index.php?rest_route=\/wp\/v2\/pages\/17","targetHints":{"allow":["GET"]}}],"collection":[{"href":"https:\/\/www.obergerweb.de\/index.php?rest_route=\/wp\/v2\/pages"}],"about":[{"href":"https:\/\/www.obergerweb.de\/index.php?rest_route=\/wp\/v2\/types\/page"}],"author":[{"embeddable":true,"href":"https:\/\/www.obergerweb.de\/index.php?rest_route=\/wp\/v2\/users\/1"}],"replies":[{"embeddable":true,"href":"https:\/\/www.obergerweb.de\/index.php?rest_route=%2Fwp%2Fv2%2Fcomments&post=17"}],"version-history":[{"count":9,"href":"https:\/\/www.obergerweb.de\/index.php?rest_route=\/wp\/v2\/pages\/17\/revisions"}],"predecessor-version":[{"id":87,"href":"https:\/\/www.obergerweb.de\/index.php?rest_route=\/wp\/v2\/pages\/17\/revisions\/87"}],"wp:attachment":[{"href":"https:\/\/www.obergerweb.de\/index.php?rest_route=%2Fwp%2Fv2%2Fmedia&parent=17"}],"curies":[{"name":"wp","href":"https:\/\/api.w.org\/{rel}","templated":true}]}}